{"id":147,"date":"2017-04-06T10:19:12","date_gmt":"2017-04-06T10:19:12","guid":{"rendered":"http:\/\/demo.canyonthemes.com\/quality-construction\/?page_id=147"},"modified":"2022-11-17T13:59:39","modified_gmt":"2022-11-17T13:59:39","slug":"constructora-ceg-2","status":"publish","type":"page","link":"http:\/\/constructoraceg.com\/index.php\/constructora-ceg-2\/","title":{"rendered":"CONSTRUCTORA CEG"},"content":{"rendered":"\t\t<div data-elementor-type=\"wp-page\" data-elementor-id=\"147\" class=\"elementor elementor-147\">\n\t\t\t\t\t\t<div class=\"elementor-inner\">\n\t\t\t\t<div class=\"elementor-section-wrap\">\n\t\t\t\t\t\t\t\t\t<section class=\"elementor-section elementor-top-section elementor-element elementor-element-3525c263 elementor-section-boxed elementor-section-height-default elementor-section-height-default\" data-id=\"3525c263\" data-element_type=\"section\">\n\t\t\t\t\t\t<div class=\"elementor-container elementor-column-gap-default\">\n\t\t\t\t\t\t\t<div class=\"elementor-row\">\n\t\t\t\t\t<div class=\"elementor-column elementor-col-100 elementor-top-column elementor-element elementor-element-44a70de\" data-id=\"44a70de\" data-element_type=\"column\">\n\t\t\t<div class=\"elementor-column-wrap\">\n\t\t\t\t\t\t\t<div class=\"elementor-widget-wrap\">\n\t\t\t\t\t\t\t\t<\/div>\n\t\t\t\t\t<\/div>\n\t\t<\/div>\n\t\t\t\t\t\t\t\t<\/div>\n\t\t\t\t\t<\/div>\n\t\t<\/section>\n\t\t\t\t<section class=\"elementor-section elementor-top-section elementor-element elementor-element-2471878d elementor-section-full_width elementor-section-content-middle elementor-section-height-default elementor-section-height-default\" data-id=\"2471878d\" data-element_type=\"section\">\n\t\t\t\t\t\t<div class=\"elementor-container elementor-column-gap-no\">\n\t\t\t\t\t\t\t<div class=\"elementor-row\">\n\t\t\t\t\t<div class=\"elementor-column elementor-col-50 elementor-top-column elementor-element elementor-element-75ea2c61\" data-id=\"75ea2c61\" data-element_type=\"column\">\n\t\t\t<div class=\"elementor-column-wrap elementor-element-populated\">\n\t\t\t\t\t\t\t<div class=\"elementor-widget-wrap\">\n\t\t\t\t\t\t<div class=\"elementor-element elementor-element-2476d9fc elementor-widget elementor-widget-text-editor\" data-id=\"2476d9fc\" data-element_type=\"widget\" data-widget_type=\"text-editor.default\">\n\t\t\t\t<div class=\"elementor-widget-container\">\n\t\t\t\t\t\t\t\t<div class=\"elementor-text-editor elementor-clearfix\">\n\t\t\t\t<p><span style=\"color: #00ccff;\"><strong>NOSOTROS<\/strong><\/span><\/p>\t\t\t\t\t<\/div>\n\t\t\t\t\t\t<\/div>\n\t\t\t\t<\/div>\n\t\t\t\t<div class=\"elementor-element elementor-element-269a8b87 elementor-invisible elementor-widget elementor-widget-heading\" data-id=\"269a8b87\" data-element_type=\"widget\" data-settings=\"{&quot;_animation&quot;:&quot;fadeInDown&quot;}\" data-widget_type=\"heading.default\">\n\t\t\t\t<div class=\"elementor-widget-container\">\n\t\t\t<h3 class=\"elementor-heading-title elementor-size-default\">SOBRE NOSOTROS<\/h3>\t\t<\/div>\n\t\t\t\t<\/div>\n\t\t\t\t<div class=\"elementor-element elementor-element-2fbc5dc elementor-widget-divider--view-line elementor-widget elementor-widget-divider\" data-id=\"2fbc5dc\" data-element_type=\"widget\" data-widget_type=\"divider.default\">\n\t\t\t\t<div class=\"elementor-widget-container\">\n\t\t\t\t\t<div class=\"elementor-divider\">\n\t\t\t<span class=\"elementor-divider-separator\">\n\t\t\t\t\t\t<\/span>\n\t\t<\/div>\n\t\t\t\t<\/div>\n\t\t\t\t<\/div>\n\t\t\t\t<div class=\"elementor-element elementor-element-568eb90d elementor-invisible elementor-widget elementor-widget-text-editor\" data-id=\"568eb90d\" data-element_type=\"widget\" data-settings=\"{&quot;_animation&quot;:&quot;fadeIn&quot;}\" data-widget_type=\"text-editor.default\">\n\t\t\t\t<div class=\"elementor-widget-container\">\n\t\t\t\t\t\t\t\t<div class=\"elementor-text-editor elementor-clearfix\">\n\t\t\t\t<p style=\"text-align: left;\"><strong>Construction Engineering Group (CEG),<\/strong> se constituye legalmente en el a\u00f1o 2009, con el objetivo de desarrollar soluciones de ingenier\u00eda y dise\u00f1os innovadores, tanto en el<br \/>sector p\u00fablico como en el privado. Adem\u00e1s de facilitar la interacci\u00f3n entre arquitectos, constructoras e inversionistas que desean desarrollar sus proyectos proyecto.<br \/>Nos hemos caracterizado por ofrecer servicios de ingenier\u00eda de<br \/>manera eficiente y efectiva, con la mayor calidad y en el menor<br \/>tiempo posible. Adem\u00e1s contamos con un equipo de profesionales capacitados y proactivos por lo que nos permite<br \/>cumplir y satisfacer los requerimientos del cliente.<\/p>\t\t\t\t\t<\/div>\n\t\t\t\t\t\t<\/div>\n\t\t\t\t<\/div>\n\t\t\t\t\t\t<\/div>\n\t\t\t\t\t<\/div>\n\t\t<\/div>\n\t\t\t\t<div class=\"elementor-column elementor-col-50 elementor-top-column elementor-element elementor-element-26f7e716\" data-id=\"26f7e716\" data-element_type=\"column\">\n\t\t\t<div class=\"elementor-column-wrap elementor-element-populated\">\n\t\t\t\t\t\t\t<div class=\"elementor-widget-wrap\">\n\t\t\t\t\t\t<div class=\"elementor-element elementor-element-18aefd48 elementor-invisible elementor-widget elementor-widget-image\" data-id=\"18aefd48\" data-element_type=\"widget\" data-settings=\"{&quot;_animation&quot;:&quot;fadeInRight&quot;}\" data-widget_type=\"image.default\">\n\t\t\t\t<div class=\"elementor-widget-container\">\n\t\t\t\t\t\t\t\t<div class=\"elementor-image\">\n\t\t\t\t\t\t\t\t\t\t\t\t<img decoding=\"async\" width=\"5760\" height=\"3840\" src=\"http:\/\/constructoraceg.com\/wp-content\/uploads\/2019\/09\/339787-PA78UM-735.jpg\" class=\"attachment-full size-full\" alt=\"\" srcset=\"http:\/\/constructoraceg.com\/wp-content\/uploads\/2019\/09\/339787-PA78UM-735.jpg 5760w, http:\/\/constructoraceg.com\/wp-content\/uploads\/2019\/09\/339787-PA78UM-735-768x512.jpg 768w\" sizes=\"(max-width: 5760px) 100vw, 5760px\" \/>\t\t\t\t\t\t\t\t\t\t\t\t\t\t<\/div>\n\t\t\t\t\t\t<\/div>\n\t\t\t\t<\/div>\n\t\t\t\t\t\t<\/div>\n\t\t\t\t\t<\/div>\n\t\t<\/div>\n\t\t\t\t\t\t\t\t<\/div>\n\t\t\t\t\t<\/div>\n\t\t<\/section>\n\t\t\t\t\t\t\t\t\t<\/div>\n\t\t\t<\/div>\n\t\t\t\t\t<\/div>\n\t\t","protected":false},"excerpt":{"rendered":"<p>NOSOTROS SOBRE NOSOTROS Construction Engineering Group (CEG), se constituye legalmente en el a\u00f1o 2009, con el objetivo de desarrollar soluciones de ingenier\u00eda y dise\u00f1os innovadores, tanto en elsector p\u00fablico como en el privado. Adem\u00e1s de facilitar la interacci\u00f3n entre arquitectos, constructoras e inversionistas que desean desarrollar sus proyectos proyecto.Nos hemos caracterizado por ofrecer servicios de [&hellip;]<\/p>\n","protected":false},"author":1,"featured_media":0,"parent":0,"menu_order":0,"comment_status":"closed","ping_status":"closed","template":"elementor_header_footer","meta":[],"_links":{"self":[{"href":"http:\/\/constructoraceg.com\/index.php\/wp-json\/wp\/v2\/pages\/147"}],"collection":[{"href":"http:\/\/constructoraceg.com\/index.php\/wp-json\/wp\/v2\/pages"}],"about":[{"href":"http:\/\/constructoraceg.com\/index.php\/wp-json\/wp\/v2\/types\/page"}],"author":[{"embeddable":true,"href":"http:\/\/constructoraceg.com\/index.php\/wp-json\/wp\/v2\/users\/1"}],"replies":[{"embeddable":true,"href":"http:\/\/constructoraceg.com\/index.php\/wp-json\/wp\/v2\/comments?post=147"}],"version-history":[{"count":35,"href":"http:\/\/constructoraceg.com\/index.php\/wp-json\/wp\/v2\/pages\/147\/revisions"}],"predecessor-version":[{"id":8750,"href":"http:\/\/constructoraceg.com\/index.php\/wp-json\/wp\/v2\/pages\/147\/revisions\/8750"}],"wp:attachment":[{"href":"http:\/\/constructoraceg.com\/index.php\/wp-json\/wp\/v2\/media?parent=147"}],"curies":[{"name":"wp","href":"https:\/\/api.w.org\/{rel}","templated":true}]}}